{"id":11,"date":"2017-10-18T09:41:20","date_gmt":"2017-10-18T07:41:20","guid":{"rendered":"https:\/\/www.webinstantmessenger.it\/landing\/?page_id=11"},"modified":"2017-11-14T15:57:09","modified_gmt":"2017-11-14T14:57:09","slug":"informativa-sul-trattamento-dei-dati-personali","status":"publish","type":"page","link":"https:\/\/www.webinstantmessenger.it\/landing\/informativa-sul-trattamento-dei-dati-personali\/","title":{"rendered":"Informativa sul trattamento dei dati personali"},"content":{"rendered":"<p><strong>Informativa sul trattamento dei dati personali<\/strong><\/p>\n<p>LOCALWEB S.R.L (di seguito, Local Web) considera la tutela della riservatezza dei soggetti con i quali intercorrono relazioni contrattuali un valore essenziale: per questo \u00e8 da sempre attenta a trattare e conservare i dati personali che le vengono comunicati secondo liceit\u00e0 e correttezza, in piena trasparenza e con un alto livello di sicurezza.<\/p>\n<p>Nel rispetto del Decreto legislativo n. 196 del 30 giugno 2003, (Codice Privacy), desideriamo informarLa circa le modalit\u00e0 di trattamento dei dati effettuate da Local Web e dei diritti che, in quanto soggetto interessato, Le spettano.<\/p>\n<p>Titolare del trattamento \u00e8 LOCALWEB S.R.L., con sede Legale in Piazza delle Erbe 47 \u2013 39100 Bolzano (BZ) e sede amministrativa in 20122 Milano, via Cerva 31&nbsp; e sede P. IVA &#8211; C. F. 08370950969.<\/p>\n<p>&nbsp;<\/p>\n<p><strong>1) Finalit\u00e0 e modalit\u00e0 del trattamento<\/strong><\/p>\n<ol>\n<li>a) Ai fini dell\u2019adempimento del servizio fornito attraverso il sito <a href=\"http:\/\/webinstantmessenger.it\">www.webinstantmessenger.it<\/a> , regolato dai Termini e condizioni d\u2019uso, in seguito denominato Servizio, Local Web deve acquisire, o gi\u00e0 detiene, alcuni dati personali che La riguardano.<\/li>\n<\/ol>\n<p>Tutti i dati personali da Lei forniti a<span style=\"text-decoration: line-through;\">&nbsp;<\/span>Local Web, ovvero altrimenti acquisiti, sono trattati da Local Web, in forma elettronica e cartacea, nei limiti strettamente necessari al miglior rispetto degli obblighi derivanti dal contratto, nonch\u00e9 a fini di ottimizzazione delle prestazioni a Lei offerte.<\/p>\n<p>In caso di Suo rifiuto alla comunicazione di tali dati, Local Web sarebbe impossibilitata a prestare il servizio richiesto e a dare esecuzione al contratto sottoscritto.<\/p>\n<p>Local Web garantisce che il trattamento dei Suoi dati personali avviene sempre e comunque mediante strumenti manuali ed informatici idonei a garantire la sicurezza e la riservatezza dei dati stessi.<\/p>\n<ol>\n<li>b) Invio di comunicazioni commerciali (marketing) e vendita diretta da parte del Titolare anche riferite a prodotti e servizi di terzi, evitando la comunicazione dei suoi dati a tali soggetti; attivit\u00e0 di profilazione, ossia di studio ed analisi dei Suoi interessi e delle Sue richieste; comunicazione dei dati a terzi per l\u2019invio di messaggi commerciali (marketing) e vendita diretta da parte di tali terzi: previo ottenimento diSuo consenso espresso, come risultante dalla spunta della voce \u201d<em>Accetto il trattamento dei dati di cui all\u2019articolo 1.b dell\u2019informativa sul trattamento dei dati personali<\/em>\u201d, i Suoi dati personali potranno essere utilizzati dal Titolare a fini di invio di comunicazioni commerciali (marketing) e\/o vendita diretta di prodotti o servizi propri o di terzi soggetti, tramite e-mail, fax, telefono ed ogni altra tecnologia di comunicazione a distanza inclusi i social media, tenendo eventualmente conto delle indicazioni che decider\u00e0 di fornire rispondendo liberamente a domande che ci facciano conoscere meglio le sue richieste ed i suoi interessi. I Suoi dati personali potranno essere utilizzati dal Titolare per comunicarli a terzi (come precisato al punto 2) a fini di invio di comunicazioni commerciali (marketing) e\/o vendita diretta da parte di detti terzi, tramite e-mail, fax, telefono ed ogni altra tecnologia di comunicazione a distanza inclusi i social media. Il consenso al trattamento di questi dati \u00e8 facoltativo ed un eventuale rifiuto al trattamento non comporter\u00e0 l&#8217;impossibilit\u00e0 di usufruire dei servizi richiesti da Local Web. Anche in caso di consenso, lei avr\u00e0 comunque il diritto di opporsi, in tutto o in parte, al trattamento dei suoi dati personali per finalit\u00e0 di marketing e\/o vendita diretta, facendone semplice richiesta al Titolare, senza alcuna formalit\u00e0.<\/li>\n<\/ol>\n<p>&nbsp;<\/p>\n<p><strong>2) Comunicazione dei dati<\/strong><\/p>\n<p>I Suoi dati potranno essere oggetto di comunicazione:<\/p>\n<p>\u2013&nbsp;a soggetti cui la legge, regolamenti o normative comunitarie attribuiscano tale facolt\u00e0 di accesso, negli esclusivi limiti normativamente concessi ed unicamente per i fini col\u00e0 espressi;<\/p>\n<p>\u2013&nbsp;a societ\u00e0, cui Local Web pu\u00f2 rivolgersi per l\u2019effettuazione di operazioni necessarie per l\u2019esecuzione delle disposizioni da Lei ricevute e la prestazione dei servizi richiesti.<\/p>\n<p>In particolare con il Suo espresso consenso i Suoi dati personali potranno essere trasmessi anche fuori dall&#8217;Unione Europea, e ceduti a societ\u00e0 terze per il loro trattamento a scopi commerciali e di pubblicit\u00e0. Tali societ\u00e0 terze, agiranno come autonomi titolari del trattamento assumendosi ogni responsabilit\u00e0 circa il contenuto della loro pubblicit\u00e0 e del rispetto della normativa in materia di trattamento dei dati personali, nominando, eventuali responsabili del trattamento, qualora affidino il trattamento dei Suoi dati in outsourcing. Le comunicazioni commerciali che Le potranno inviare attraverso il web, posta, e-mail, telefono (sms, mms, telemarketing) potranno riguardare tali categorie merceologiche, trattandosi di societ\u00e0 terze appartenenti ai seguenti settori:<\/p>\n<p>Comunicazioni: prodotti e servizi di comunicazioni e tecnologia etc.;<\/p>\n<p>Finanza e settore bancario: entit\u00e0 finanziarie, assicurazioni, investimento, previdenza sociale etc.;<\/p>\n<p>Tempo Libero: pay tv, editoriali, turismo, sport, collezionismo, fotografia, passatempo, giochi, trasporti, navigazione, turismo (hotel, tour operator, agenzie di viaggi, compagnie aeree, etc.), aerospazio, editoria, giardinaggio, hobbies, lotteria, concorsi, collezionismo, fotografia, passatempi, comunicazione e entertainment, arte, musica etc.;<\/p>\n<p>Distribuzione e commercio: elettronica, informatica, immagine e suono, moda, accessori, abbigliamento, tessile, bazar, cosmesi e igienico sanitario, chimica, farmaceutica e bio-tecnologia, agro-alimentare, supermercati, bevande, materiale di ufficio, arredamento etc.;<\/p>\n<p>Automotive: prodotti e servizi relazionati con auto, veicoli industriali, cicli e motocicli, camion, meccanica e metallurgia etc.;<\/p>\n<p>Energia e acqua: prodotti relazionati con elettricit\u00e0, idrocarburi, gas, acqua e utilit\u00e0 etc.;<\/p>\n<p>ONG e associazioni: prodotti e servizi relazionati con organizzazioni no profit, fondazioni etc.;<\/p>\n<p>Educazione, formazione, istruzione, universit\u00e0 etc.;<\/p>\n<p>Comunicazione e servizi: agenzie di pubblicit\u00e0, di marketing, di eventi, di consulenza, advertising, PR, concessionarie di pubblicit\u00e0, centri media, telecomunicazioni, ricerche di mercato, etc.; agenzie di mobile marketing etc.;<\/p>\n<p>Ecologia e ambiente;<\/p>\n<p>Edilizia, ingegneria civile e prodotti\/servizi immobiliari: costruzioni, decorazioni, casa, design, agenzie immobiliarie, etc.;<\/p>\n<p>Fiere e manifestazioni etc.;<\/p>\n<p>Informatica, Internet, siti di e-commerce etc.;<\/p>\n<p>Casin\u00f2 con licenza amministrativa italiana (aams) etc.;<\/p>\n<p>Comunicazioni politiche.<\/p>\n<p>Fin d&#8217;ora le precisiamo che i Suoi dati, in caso di specifico consenso saranno comunicati alle societ\u00e0 terze che useranno i dati secondo quanto previsto nelle loro rispettive autonome informative. Peraltro per completezza la informiamo che in alcuni casi&nbsp; queste societ\u00e0 terze, nella loro qualit\u00e0 di autonomi Titolari del trattamento, potrebbero preferire scriverle direttamente per&nbsp; informarla dettagliatamente sul modo in cui tratteranno i suoi dati, quali opportunit\u00e0 hanno in serbo per lei e come fare per esercitare i suoi diritti nei loro confronti. Tali societ\u00e0 terze, potranno trattenere i dati comunicati a fini di invio di comunicazioni commerciali (marketing) e\/o vendita diretta, tramite e-mail, fax, telefono ed ogni altra tecnologia di comunicazione a distanza, fermo restando il Suo diritto di opporsi in qualsiasi momento al trattamento per tali finalit\u00e0, facendone semplice richiesta senza alcuna formalit\u00e0 al relativo titolare del trattamento.<\/p>\n<p>Un elenco aggiornato di tali societ\u00e0 terze \u00e8 disponibile presso il Titolare, \u00e8 costantemente aggiornato e Le sar\u00e0 fornito su richiesta.<\/p>\n<p>Anche in questo ambito, si avr\u00e0 cura di trattare i Suoi dati secondo i principi di liceit\u00e0 e correttezza e soprattutto nei limiti della stretta necessit\u00e0. Nell\u2019attivit\u00e0 di comunicazione sono rispettati i medesimi parametri di sicurezza richiesti a norma di legge ed i trattamenti perseguono solo le finalit\u00e0 per cui i dati sono stati raccolti.<\/p>\n<p>In ogni caso, i Suoi dati personali non saranno oggetto di diffusione non eventualmente da Lei espressamente autorizzata.<\/p>\n<p><strong>3) Diritti dell\u2019interessato<\/strong><\/p>\n<p>Ai sensi dell\u2019art. 7 del Codice Privacy, l\u2019interessato ha diritto di ottenere l\u2019indicazione: a) dell\u2019origine dei dati personali; b) delle finalit\u00e0 e modalit\u00e0 del trattamento; c) della logica applicata in caso di trattamento effettuato con l\u2019ausilio di strumenti elettronici; d) degli estremi identificativi del titolare, dei responsabili e del rappresentante designato ai sensi dell\u2019articolo 5, comma 2 del Codice Privacy; e) dei soggetti o delle categorie di soggetti ai quali i dati personali possono essere comunicati o che possono venirne a conoscenza in qualit\u00e0 di rappresentante designato nel territorio dello Stato, di responsabili o incaricati.<\/p>\n<p>Inoltre, l\u2019interessato ha diritto di ottenere: a) l\u2019aggiornamento, la rettifica ovvero, quando vi ha interesse, l\u2019integrazione dei dati; b) la cancellazione, la trasformazione in forma anonima o il blocco dei dati trattati in violazione di legge, compresi quelli di cui non \u00e8 necessaria la conservazione in relazione agli scopi per i quali i dati sono stati raccolti o successivamente trattati; c) l\u2019attestazione che le operazioni di cui alle lettere a) e b) sono state portate a conoscenza, anche per quanto riguarda il loro contenuto, di coloro ai quali i dati sono stati comunicati o diffusi, eccettuato il caso in cui tale adempimento si rivela impossibile o comporta un impiego di mezzi manifestamente sproporzionato rispetto al diritto tutelato.<\/p>\n<p>L\u2019interessato ha diritto di opporsi, in tutto o in parte: a) per motivi legittimi al trattamento dei dati personali che lo riguardano, ancorch\u00e9 pertinenti allo scopo della raccolta; b) al trattamento di dati personali che lo riguardano a fini di invio di materiale pubblicitario o di vendita diretta o per il compimento di ricerche di mercato o di comunicazione commerciale.<\/p>\n<p>Per ogni chiarimento, nonch\u00e9 per l\u2019esercizio dei menzionati diritti, \u00e8 possibile rivolgersi ad LOCALWEB S.R.L., con sede Legale in Piazza delle Erbe 47 \u2013 39100 Bolzano (BZ) e sede amministrativa in 20122 Milano, via Cerva 31, e-mail&nbsp;info@webinstantmessenger.it<\/p>\n<p><strong>4) Modifiche e aggiornamenti<\/strong><\/p>\n<p>Local Web potr\u00e0 modificare o semplicemente aggiornare, in tutto o in parte, la presente Privacy Policy anche, ma non solo, in considerazione della modifica delle norme di legge o di regolamento che regolano questa materia e proteggono i tuoi diritti. Le modifiche e gli aggiornamenti della Privacy Policy saranno notificati individualmente agli utenti gi\u00e0 iscritti e per via generale nella Homepage del sito www.webinstantmessenger.it non appena adottati e saranno considerati vincolanti non appena pubblicati sul sito in questa stessa sezione o ove l\u2019utente non decida di cancellarsi dal sito trascorsi 7 giorni dalla notifica individuale. La preghiamo pertanto di accedere con regolarit\u00e0 a questa sezione per verificare la pubblicazione della pi\u00f9 recente ed aggiornata Privacy Policy.<\/p>\n<p>&nbsp;<\/p>\n","protected":false},"excerpt":{"rendered":"<p>Informativa sul trattamento dei dati personali LOCALWEB S.R.L (di seguito, Local Web) considera la tutela della riservatezza dei soggetti con i quali intercorrono relazioni contrattuali un valore essenziale: per questo \u00e8 da sempre attenta a trattare e conservare i dati personali che le vengono comunicati secondo liceit\u00e0 e correttezza, in piena trasparenza e con un&#8230;  <a class=\"excerpt-read-more\" href=\"https:\/\/www.webinstantmessenger.it\/landing\/informativa-sul-trattamento-dei-dati-personali\/\" title=\"Read Informativa sul trattamento dei dati personali\">Leggi tutto &raquo;<\/a><\/p>\n","protected":false},"author":1,"featured_media":0,"parent":0,"menu_order":0,"comment_status":"closed","ping_status":"closed","template":"page-simple.php","meta":{"footnotes":""},"class_list":["post-11","page","type-page","status-publish","hentry"],"_links":{"self":[{"href":"https:\/\/www.webinstantmessenger.it\/landing\/wp-json\/wp\/v2\/pages\/11","targetHints":{"allow":["GET"]}}],"collection":[{"href":"https:\/\/www.webinstantmessenger.it\/landing\/wp-json\/wp\/v2\/pages"}],"about":[{"href":"https:\/\/www.webinstantmessenger.it\/landing\/wp-json\/wp\/v2\/types\/page"}],"author":[{"embeddable":true,"href":"https:\/\/www.webinstantmessenger.it\/landing\/wp-json\/wp\/v2\/users\/1"}],"replies":[{"embeddable":true,"href":"https:\/\/www.webinstantmessenger.it\/landing\/wp-json\/wp\/v2\/comments?post=11"}],"version-history":[{"count":4,"href":"https:\/\/www.webinstantmessenger.it\/landing\/wp-json\/wp\/v2\/pages\/11\/revisions"}],"predecessor-version":[{"id":20,"href":"https:\/\/www.webinstantmessenger.it\/landing\/wp-json\/wp\/v2\/pages\/11\/revisions\/20"}],"wp:attachment":[{"href":"https:\/\/www.webinstantmessenger.it\/landing\/wp-json\/wp\/v2\/media?parent=11"}],"curies":[{"name":"wp","href":"https:\/\/api.w.org\/{rel}","templated":true}]}}